{"id":89,"date":"2022-10-21T09:12:02","date_gmt":"2022-10-21T09:12:02","guid":{"rendered":"https:\/\/tauberlaender-dorfmuseum.de\/?page_id=89"},"modified":"2025-03-03T10:26:17","modified_gmt":"2025-03-03T10:26:17","slug":"fuehrungen","status":"publish","type":"page","link":"https:\/\/tauberlaender-dorfmuseum.de\/?page_id=89","title":{"rendered":"F\u00fchrungen"},"content":{"rendered":"\n<p>Wir bieten F\u00fchrungen f\u00fcr Gro\u00df und Klein&#8230;<\/p>\n\n\n\n<p>.<\/p>\n\n\n\n<p>In der einst\u00fcndigen F\u00fchrung durch das Tauberl\u00e4nder Dorfmuseum in Weikersheim wird quer \u00fcber die drei Stockwerke hinweg das Leben und Arbeiten des 18. und 19. Jahrhunderts dargestellt. Es werden Vergleiche zu heute gezogen, sodass bewusst wird wie hart die Arbeit gewesen ist. Gleichzeitig wird immer wieder deutlich, was wir von den damaligen Vorgehensweisen lernen k\u00f6nnen. Das d\u00f6rfliche Leben war gemeinschaftliche, der Umgang mit Rohstoffen \u00e4u\u00dferst nachhaltig.&nbsp;<\/p>\n\n\n\n<ul>\n<li><strong>Dauer:<\/strong> eine Stunde<\/li>\n\n\n\n<li><strong>Gruppengr\u00f6\u00dfe:<\/strong> jeweils max. 20 Personen<\/li>\n\n\n\n<li><strong>Zielgruppe:<\/strong> ob Familientreffen, Vereinsausflug, Geburtstag wir stellen uns auf Ihre Bed\u00fcrfnisse und Interessen ein<\/li>\n\n\n\n<li><strong>Kosten:<\/strong> 40 \u20ac pro Gruppe<\/li>\n\n\n\n<li><strong>Kontakt<\/strong> : mail: <a href=\"mailto:tauberfraenkische-volkskultur@t-online.de\">tauberfraenkische-volkskultur@<\/a><a href=\"mailto:tauberfraenkische-volkskultur@t-online.de\">t-online.de<\/a>&nbsp;,&nbsp;&nbsp;tel: 07934-1209<\/li>\n<\/ul>\n\n\n\n<p><\/p>\n","protected":false},"excerpt":{"rendered":"<p>Wir bieten F\u00fchrungen f\u00fcr Gro\u00df und Klein&#8230; . In der einst\u00fcndigen F\u00fchrung durch das Tauberl\u00e4nder Dorfmuseum in Weikersheim wird quer \u00fcber die drei Stockwerke hinweg das Leben und Arbeiten des &#8230;<\/p>\n","protected":false},"author":1,"featured_media":0,"parent":0,"menu_order":0,"comment_status":"closed","ping_status":"closed","template":"","meta":[],"_links":{"self":[{"href":"https:\/\/tauberlaender-dorfmuseum.de\/index.php?rest_route=\/wp\/v2\/pages\/89"}],"collection":[{"href":"https:\/\/tauberlaender-dorfmuseum.de\/index.php?rest_route=\/wp\/v2\/pages"}],"about":[{"href":"https:\/\/tauberlaender-dorfmuseum.de\/index.php?rest_route=\/wp\/v2\/types\/page"}],"author":[{"embeddable":true,"href":"https:\/\/tauberlaender-dorfmuseum.de\/index.php?rest_route=\/wp\/v2\/users\/1"}],"replies":[{"embeddable":true,"href":"https:\/\/tauberlaender-dorfmuseum.de\/index.php?rest_route=%2Fwp%2Fv2%2Fcomments&post=89"}],"version-history":[{"count":3,"href":"https:\/\/tauberlaender-dorfmuseum.de\/index.php?rest_route=\/wp\/v2\/pages\/89\/revisions"}],"predecessor-version":[{"id":270,"href":"https:\/\/tauberlaender-dorfmuseum.de\/index.php?rest_route=\/wp\/v2\/pages\/89\/revisions\/270"}],"wp:attachment":[{"href":"https:\/\/tauberlaender-dorfmuseum.de\/index.php?rest_route=%2Fwp%2Fv2%2Fmedia&parent=89"}],"curies":[{"name":"wp","href":"https:\/\/api.w.org\/{rel}","templated":true}]}}