{"id":324,"date":"2025-03-03T10:34:17","date_gmt":"2025-03-03T10:34:17","guid":{"rendered":"https:\/\/tauberlaender-dorfmuseum.de\/?page_id=324"},"modified":"2025-04-14T08:23:31","modified_gmt":"2025-04-14T08:23:31","slug":"ausstellung-die-gaubahn","status":"publish","type":"page","link":"https:\/\/tauberlaender-dorfmuseum.de\/?page_id=324","title":{"rendered":"Ausstellung &#8222;Die Gaubahn&#8220;"},"content":{"rendered":"\t\t<div data-elementor-type=\"wp-page\" data-elementor-id=\"324\" class=\"elementor elementor-324\">\n\t\t\t\t\t\t<section class=\"elementor-section elementor-top-section elementor-element elementor-element-a99b792 elementor-section-boxed elementor-section-height-default elementor-section-height-default\" data-id=\"a99b792\" data-element_type=\"section\">\n\t\t\t\t\t\t<div class=\"elementor-container elementor-column-gap-default\">\n\t\t\t\t\t<div class=\"elementor-column elementor-col-100 elementor-top-column elementor-element elementor-element-d4b6a95\" data-id=\"d4b6a95\" data-element_type=\"column\">\n\t\t\t<div class=\"elementor-widget-wrap elementor-element-populated\">\n\t\t\t\t\t\t<div class=\"elementor-element elementor-element-95212a3 elementor-widget__width-initial elementor-widget elementor-widget-text-editor\" data-id=\"95212a3\" data-element_type=\"widget\" data-widget_type=\"text-editor.default\">\n\t\t\t\t<div class=\"elementor-widget-container\">\n\t\t\t<style>\/*! elementor - v3.23.0 - 05-08-2024 *\/\n.elementor-widget-text-editor.elementor-drop-cap-view-stacked .elementor-drop-cap{background-color:#69727d;color:#fff}.elementor-widget-text-editor.elementor-drop-cap-view-framed .elementor-drop-cap{color:#69727d;border:3px solid;background-color:transparent}.elementor-widget-text-editor:not(.elementor-drop-cap-view-default) .elementor-drop-cap{margin-top:8px}.elementor-widget-text-editor:not(.elementor-drop-cap-view-default) .elementor-drop-cap-letter{width:1em;height:1em}.elementor-widget-text-editor .elementor-drop-cap{float:left;text-align:center;line-height:1;font-size:50px}.elementor-widget-text-editor .elementor-drop-cap-letter{display:inline-block}<\/style>\t\t\t\t<p><strong>Herzlich Willkommen!<\/strong><\/p><p><strong><img decoding=\"async\" class=\"wp-image-328 alignleft\" src=\"https:\/\/tauberlaender-dorfmuseum.de\/wp-content\/uploads\/2025\/03\/social-media-banner3-1024x1024.jpg\" alt=\"\" width=\"131\" height=\"131\" srcset=\"https:\/\/tauberlaender-dorfmuseum.de\/wp-content\/uploads\/2025\/03\/social-media-banner3-1024x1024.jpg 1024w, https:\/\/tauberlaender-dorfmuseum.de\/wp-content\/uploads\/2025\/03\/social-media-banner3-300x300.jpg 300w, https:\/\/tauberlaender-dorfmuseum.de\/wp-content\/uploads\/2025\/03\/social-media-banner3-150x150.jpg 150w, https:\/\/tauberlaender-dorfmuseum.de\/wp-content\/uploads\/2025\/03\/social-media-banner3-768x768.jpg 768w, https:\/\/tauberlaender-dorfmuseum.de\/wp-content\/uploads\/2025\/03\/social-media-banner3-1536x1536.jpg 1536w, https:\/\/tauberlaender-dorfmuseum.de\/wp-content\/uploads\/2025\/03\/social-media-banner3.jpg 1600w\" sizes=\"(max-width: 131px) 100vw, 131px\" \/><\/strong>Die Ausstellung <strong>\u201eDie Gaubahn \u2013\u00a0von Kohle, Zuckerr\u00fcben und Reise\u201c<\/strong><\/p><p>findet vom 30. April bis zum 30. Juni 2025 im Tauberl\u00e4nder Dorfmuseum und im Stadtmuseum Weikersheim statt.<\/p><p><a href=\"https:\/\/www.gaubahnfreunde.de\">Die Gaubahnfreunde<\/a> haben viele Teile der nicht mehr existierenden Gaubahn und deren Bahnh\u00f6fe nachgebaut.<\/p><p>Neben dem Personenverkehr, wurden mit der Gaubbahn jede Menge G\u00fcter und vor allem die Zuckerr\u00fcben transportiert.\u00a0<\/p><div>\u00a0<\/div>\t\t\t\t\t\t<\/div>\n\t\t\t\t<\/div>\n\t\t\t\t\t<\/div>\n\t\t<\/div>\n\t\t\t\t\t<\/div>\n\t\t<\/section>\n\t\t\t\t<section class=\"elementor-section elementor-top-section elementor-element elementor-element-2d49daf elementor-section-boxed elementor-section-height-default elementor-section-height-default\" data-id=\"2d49daf\" data-element_type=\"section\">\n\t\t\t\t\t\t<div class=\"elementor-container elementor-column-gap-default\">\n\t\t\t\t\t<div class=\"elementor-column elementor-col-100 elementor-top-column elementor-element elementor-element-44728ef\" data-id=\"44728ef\" data-element_type=\"column\">\n\t\t\t<div class=\"elementor-widget-wrap elementor-element-populated\">\n\t\t\t\t\t\t<div class=\"elementor-element elementor-element-2e996e6 elementor-widget__width-initial elementor-widget elementor-widget-text-editor\" data-id=\"2e996e6\" data-element_type=\"widget\" data-widget_type=\"text-editor.default\">\n\t\t\t\t<div class=\"elementor-widget-container\">\n\t\t\t\t\t\t\t<p style=\"text-align: left;\">Im <strong>Dorfmusuem<\/strong> finden Sie im zweiten Stock eine Zuckerr\u00fcbenverladestation in Miniatur, wie es sie zum Beispiel in Sch\u00e4ftersheim gegeben hat. F\u00fcr diejenigen, die diese Zeit nicht miterlebt haben, soll die kleine Ausstellung dazu dienen, sich Vergangenes gegenw\u00e4rtig zu machen.\u00a0<\/p><p style=\"text-align: left;\">Menschen, die selber noch mit der Gaubahn gefahren sind, die in der Landwirtschaft gearbeitet haben, die vielleicht auch Zuckerr\u00fcben angebaut haben oder dies heute noch tun, d\u00fcrfen hier in Erinnerung schwelgen. Auch wenn die gute alte Zeit nat\u00fcrlich nicht immer besser gewesen ist.<\/p>\t\t\t\t\t\t<\/div>\n\t\t\t\t<\/div>\n\t\t\t\t\t<\/div>\n\t\t<\/div>\n\t\t\t\t\t<\/div>\n\t\t<\/section>\n\t\t\t\t<section class=\"elementor-section elementor-top-section elementor-element elementor-element-3eb5b7d elementor-section-boxed elementor-section-height-default elementor-section-height-default\" data-id=\"3eb5b7d\" data-element_type=\"section\">\n\t\t\t\t\t\t<div class=\"elementor-container elementor-column-gap-default\">\n\t\t\t\t\t<div class=\"elementor-column elementor-col-100 elementor-top-column elementor-element elementor-element-f4be747\" data-id=\"f4be747\" data-element_type=\"column\">\n\t\t\t<div class=\"elementor-widget-wrap elementor-element-populated\">\n\t\t\t\t\t\t<div class=\"elementor-element elementor-element-92b9968 elementor-widget__width-initial elementor-widget elementor-widget-text-editor\" data-id=\"92b9968\" data-element_type=\"widget\" data-widget_type=\"text-editor.default\">\n\t\t\t\t<div class=\"elementor-widget-container\">\n\t\t\t\t\t\t\t<p><span style=\"font-family: var( --e-global-typography-text-font-family ), Sans-serif; font-size: 0.875rem;\"><img decoding=\"async\" class=\"wp-image-402 alignright\" src=\"https:\/\/tauberlaender-dorfmuseum.de\/wp-content\/uploads\/2025\/03\/IMG_7985-768x1024.jpeg\" alt=\"\" width=\"150\" height=\"200\" srcset=\"https:\/\/tauberlaender-dorfmuseum.de\/wp-content\/uploads\/2025\/03\/IMG_7985-768x1024.jpeg 768w, https:\/\/tauberlaender-dorfmuseum.de\/wp-content\/uploads\/2025\/03\/IMG_7985-225x300.jpeg 225w, https:\/\/tauberlaender-dorfmuseum.de\/wp-content\/uploads\/2025\/03\/IMG_7985-1152x1536.jpeg 1152w, https:\/\/tauberlaender-dorfmuseum.de\/wp-content\/uploads\/2025\/03\/IMG_7985-1536x2048.jpeg 1536w, https:\/\/tauberlaender-dorfmuseum.de\/wp-content\/uploads\/2025\/03\/IMG_7985-scaled.jpeg 1920w\" sizes=\"(max-width: 150px) 100vw, 150px\" \/>F\u00fcr diese Besuchenden gibt es die M\u00f6glichkeit, ihr Wissen, ihre Erinnerungen mit uns und\u00a0 den anderen Interessierten zu teilen. Diese Aufnahmen sind im Laufe der Ausstellung hier an dieser zu Stelle zu finden und mitzuverfolgen.<\/span><\/p><p>Unsere Ausstellung ist so gedacht, dass Sie beide Museen besuchen.<\/p><p style=\"text-align: left;\">Sie finden eine Weg zum Stadtmuseum \u201eausgeschildert\u201c. Folgen Sie diesem Emblem auf dem Boden.\u00a0<\/p>\t\t\t\t\t\t<\/div>\n\t\t\t\t<\/div>\n\t\t\t\t\t<\/div>\n\t\t<\/div>\n\t\t\t\t\t<\/div>\n\t\t<\/section>\n\t\t\t\t<section class=\"elementor-section elementor-top-section elementor-element elementor-element-12c8a4d elementor-section-boxed elementor-section-height-default elementor-section-height-default\" data-id=\"12c8a4d\" data-element_type=\"section\">\n\t\t\t\t\t\t<div class=\"elementor-container elementor-column-gap-default\">\n\t\t\t\t\t<div class=\"elementor-column elementor-col-100 elementor-top-column elementor-element elementor-element-9e642d8\" data-id=\"9e642d8\" data-element_type=\"column\">\n\t\t\t<div class=\"elementor-widget-wrap elementor-element-populated\">\n\t\t\t\t\t\t<div class=\"elementor-element elementor-element-25d0a70 elementor-widget__width-initial elementor-widget elementor-widget-text-editor\" data-id=\"25d0a70\" data-element_type=\"widget\" data-widget_type=\"text-editor.default\">\n\t\t\t\t<div class=\"elementor-widget-container\">\n\t\t\t\t\t\t\t<p>\u00a0<\/p><p>\u00a0<\/p><p>Der Weg zwischen den beiden Museen durch die Weikersheimer Altstadt soll f\u00fcr das Verbindende stehen: die Zusammenarbeit der Museen, die Funktion der Bahn, die verschiedene Punkt und Orte miteinander verband und die Verbindung zwischen Vergangenheit und Gegenwart.\u00a0<\/p><p>Setzen Sie sich mit uns in Bewegung!!<\/p>\t\t\t\t\t\t<\/div>\n\t\t\t\t<\/div>\n\t\t\t\t\t<\/div>\n\t\t<\/div>\n\t\t\t\t\t<\/div>\n\t\t<\/section>\n\t\t\t\t<section class=\"elementor-section elementor-top-section elementor-element elementor-element-13f49fc elementor-section-boxed elementor-section-height-default elementor-section-height-default\" data-id=\"13f49fc\" data-element_type=\"section\">\n\t\t\t\t\t\t<div class=\"elementor-container elementor-column-gap-default\">\n\t\t\t\t\t<div class=\"elementor-column elementor-col-100 elementor-top-column elementor-element elementor-element-36c8114\" data-id=\"36c8114\" data-element_type=\"column\">\n\t\t\t<div class=\"elementor-widget-wrap elementor-element-populated\">\n\t\t\t\t\t\t<div class=\"elementor-element elementor-element-29efb20 elementor-widget elementor-widget-text-editor\" data-id=\"29efb20\" data-element_type=\"widget\" data-widget_type=\"text-editor.default\">\n\t\t\t\t<div class=\"elementor-widget-container\">\n\t\t\t\t\t\t\t<p>Im <b>Stadtmuseum <\/b>gibt es neben einer Reihe an Gaubahn-Exponaten den nachgebauten Weikersheimer Bahnhof zu sehen, sowie den Sch\u00e4ftersheimer Bahnhof und den Klosterhof. Hier wird au\u00dferdem n\u00e4her auf die Geschichte der Gaubahn eingegangen.<\/p><p><img fetchpriority=\"high\" decoding=\"async\" class=\"wp-image-376 alignleft\" src=\"https:\/\/tauberlaender-dorfmuseum.de\/wp-content\/uploads\/2025\/03\/IMG_7726-768x1024.jpeg\" alt=\"\" width=\"201\" height=\"268\" srcset=\"https:\/\/tauberlaender-dorfmuseum.de\/wp-content\/uploads\/2025\/03\/IMG_7726-768x1024.jpeg 768w, https:\/\/tauberlaender-dorfmuseum.de\/wp-content\/uploads\/2025\/03\/IMG_7726-225x300.jpeg 225w, https:\/\/tauberlaender-dorfmuseum.de\/wp-content\/uploads\/2025\/03\/IMG_7726-1152x1536.jpeg 1152w, https:\/\/tauberlaender-dorfmuseum.de\/wp-content\/uploads\/2025\/03\/IMG_7726-1536x2048.jpeg 1536w, https:\/\/tauberlaender-dorfmuseum.de\/wp-content\/uploads\/2025\/03\/IMG_7726-scaled.jpeg 1920w\" sizes=\"(max-width: 201px) 100vw, 201px\" \/><\/p><p>Im ersten Stock des Stadtmuseums, haben Sie an dem alten Schreibtisch &#8211; quasi mit Blick in den h\u00fcbschen Innenhof und auf die Stadtmauer \u2013\u00a0die M\u00f6glichkeit ihr Gedanken zu der Stadtgeschichte oder ihre Sicht der Dinge zu Papier zu bringen. Auch das werden wir digitalisieren und es wird hier zu finden sein. So w\u00e4chst die Ausstellung in den drei Monaten immer weiter und wird bereichert durch das Wissen der G\u00e4ste, die Erinnerungen und die Verkn\u00fcpfungen zu anderen Geschehnissen der Zeit.<span class=\"Apple-converted-space\">\u00a0<\/span><\/p><p>Wir sind gespannt!<\/p>\t\t\t\t\t\t<\/div>\n\t\t\t\t<\/div>\n\t\t\t\t\t<\/div>\n\t\t<\/div>\n\t\t\t\t\t<\/div>\n\t\t<\/section>\n\t\t\t\t<section class=\"elementor-section elementor-top-section elementor-element elementor-element-6db6ca3 elementor-section-boxed elementor-section-height-default elementor-section-height-default\" data-id=\"6db6ca3\" data-element_type=\"section\">\n\t\t\t\t\t\t<div class=\"elementor-container elementor-column-gap-default\">\n\t\t\t\t\t<div class=\"elementor-column elementor-col-100 elementor-top-column elementor-element elementor-element-5f882ec\" data-id=\"5f882ec\" data-element_type=\"column\">\n\t\t\t<div class=\"elementor-widget-wrap elementor-element-populated\">\n\t\t\t\t\t\t<div class=\"elementor-element elementor-element-98c1f82 elementor-widget elementor-widget-text-editor\" data-id=\"98c1f82\" data-element_type=\"widget\" data-widget_type=\"text-editor.default\">\n\t\t\t\t<div class=\"elementor-widget-container\">\n\t\t\t\t\t\t\t<p><b>Weitere Informationen zur Zuckerr\u00fcbe und zur Gaubahn:<\/b><\/p>\t\t\t\t\t\t<\/div>\n\t\t\t\t<\/div>\n\t\t\t\t\t<\/div>\n\t\t<\/div>\n\t\t\t\t\t<\/div>\n\t\t<\/section>\n\t\t\t\t<section class=\"elementor-section elementor-top-section elementor-element elementor-element-2622ca5 elementor-section-boxed elementor-section-height-default elementor-section-height-default\" data-id=\"2622ca5\" data-element_type=\"section\">\n\t\t\t\t\t\t<div class=\"elementor-container elementor-column-gap-default\">\n\t\t\t\t\t<div class=\"elementor-column elementor-col-100 elementor-top-column elementor-element elementor-element-3c1dc89\" data-id=\"3c1dc89\" data-element_type=\"column\">\n\t\t\t<div class=\"elementor-widget-wrap elementor-element-populated\">\n\t\t\t\t\t\t<div class=\"elementor-element elementor-element-a20ce46 elementor-widget elementor-widget-text-editor\" data-id=\"a20ce46\" data-element_type=\"widget\" data-widget_type=\"text-editor.default\">\n\t\t\t\t<div class=\"elementor-widget-container\">\n\t\t\t\t\t\t\t<h2><strong>Die Zuckerr\u00fcbe<\/strong><\/h2><p>Eine unscheinbare R\u00fcbe,<br \/>die unser Leben vers\u00fc\u00dft.<\/p><p>Neben dem Zuckerrohr\u00a0<span style=\"font-family: var( --e-global-typography-text-font-family ), Sans-serif; font-size: 0.875rem;\">spielt die urspr\u00fcngliche Wildr\u00fcbe\u00a0<\/span>eine zentrale Rolle in der Zuckerproduktion.<\/p><p>Bereits seit dem 18. Jahrhundert <span style=\"font-family: var( --e-global-typography-text-font-family ), Sans-serif; font-size: 0.875rem;\">wird sie in Europa als Kulturpflanze angebaut.<\/span><\/p><p>Im Fr\u00fchjahr ausges\u00e4t, ben\u00f6tigt sie eine Vegetationsperiode<br \/>von etwa einem halben Jahr.<br \/>Ideal f\u00fcr ihr Wachstum ist der n\u00e4hrstoffreiche Boden<br \/>und das gem\u00e4\u00dfigte Klima im Ochsenfurter Gau.<\/p><p>W\u00e4hrend der Wachstumsphase<br \/>speichert die Pflanze Zucker<br \/>in ihrer im Erdreich wachsenden wei\u00dfen R\u00fcbe.<\/p><p>Durch Z\u00fcchtung gelang es den Zuckergehalt auf 16-20 % zu steigern.<\/p><p>Von September bis Dezember ist Erntezeit.<br \/>Danach erfolgt der Transport zur Zuckerfabrik, wo der Zucker in einem aufw\u00e4ndigen Verfahren extrahiert<br \/>und zu Haushaltszucker verarbeitet wird.<br \/>Neben Zucker liefert die R\u00fcbe auch Nebenprodukte<br \/>wie Futtermittel und D\u00fcngemittel.<\/p><p>Bereits 1919 gab es Planungen f\u00fcr ein Trocknungswerk f\u00fcr Zuckerr\u00fcben in Ochsenfurt.<br \/>Gebaut wurde es aber erst 1938.<\/p><p>Der Ausbau zur Zuckerfabrik scheiterte am 2. Weltkrieg.<\/p><p>Nach Gr\u00fcndung der Zuckerfabrik 1951, fand die erste R\u00fcbenkampagne ab November 1952 statt.<\/p>\t\t\t\t\t\t<\/div>\n\t\t\t\t<\/div>\n\t\t\t\t\t<\/div>\n\t\t<\/div>\n\t\t\t\t\t<\/div>\n\t\t<\/section>\n\t\t\t\t<section class=\"elementor-section elementor-top-section elementor-element elementor-element-193f96e elementor-section-boxed elementor-section-height-default elementor-section-height-default\" data-id=\"193f96e\" data-element_type=\"section\">\n\t\t\t\t\t\t<div class=\"elementor-container elementor-column-gap-default\">\n\t\t\t\t\t<div class=\"elementor-column elementor-col-100 elementor-top-column elementor-element elementor-element-eb37c6a\" data-id=\"eb37c6a\" data-element_type=\"column\">\n\t\t\t<div class=\"elementor-widget-wrap elementor-element-populated\">\n\t\t\t\t\t\t<div class=\"elementor-element elementor-element-edc4fc6 elementor-widget elementor-widget-text-editor\" data-id=\"edc4fc6\" data-element_type=\"widget\" data-widget_type=\"text-editor.default\">\n\t\t\t\t<div class=\"elementor-widget-container\">\n\t\t\t\t\t\t\t<h2><b>Gaubahn und Zuckerr\u00fcbe<\/b><\/h2><p>Die schon zur Zeit der Gr\u00fcndung 1907 mit angedachte Rolle <br \/>der Gaubahn mit Verladung der R\u00fcben auf Eisenbahnwagen <br \/>kam nun erst zum Tragen. <br \/>\u00dcber vierzig Jahre lang sicherte dieses saisonale Kerngesch\u00e4ft<br \/>den Betrieb der Strecke. <br \/>Die anfangs sehr m\u00fchsame Verladung \u00a0vom Gummiwagen in den Waggon mit R\u00fcbengabeln <br \/>wurde mancherorts bereits in den 1950er Jahren <br \/>mit neu gebauten Kippanlagen erleichtert.<\/p><p>An den Bahnh\u00f6fen mit dem h\u00f6chsten Verladeaufkommen <br \/>wurden in den 1950er Jahren sogenannte Hochrampen geplant, <br \/>die aber erst Anfang der 1960er Jahre zur Ausf\u00fchrung kamen. <br \/>Weitere technische Verladeanlagen &#8211; wie Bandanlagen &#8211; <br \/>wurden ebenfalls eingesetzt.<\/p><p>Die Gaubahn erm\u00f6glichte den effizienten Transport gro\u00dfer Mengen <br \/>zur Zuckerfabrik und reduzierte den Stra\u00dfenverkehr.<\/p><p>Jedoch setzte sich ab den 1980er Jahren <br \/>der Transport vom Acker direkt auf den LKW <br \/>ohne weiteren Zwischenverladeprozess zunehmend durch.\u00a0<\/p><p>1974 wurde der Personenverkehr eingestellt.<\/p><p>1992 folgte die Stilllegung der gesamten Strecke.<\/p>\t\t\t\t\t\t<\/div>\n\t\t\t\t<\/div>\n\t\t\t\t\t<\/div>\n\t\t<\/div>\n\t\t\t\t\t<\/div>\n\t\t<\/section>\n\t\t\t\t<\/div>\n\t\t","protected":false},"excerpt":{"rendered":"<p>Weiterf\u00fchrrende Information zu den Ausstellungsinhalten<\/p>\n","protected":false},"author":1,"featured_media":328,"parent":0,"menu_order":0,"comment_status":"closed","ping_status":"closed","template":"","meta":[],"_links":{"self":[{"href":"https:\/\/tauberlaender-dorfmuseum.de\/index.php?rest_route=\/wp\/v2\/pages\/324"}],"collection":[{"href":"https:\/\/tauberlaender-dorfmuseum.de\/index.php?rest_route=\/wp\/v2\/pages"}],"about":[{"href":"https:\/\/tauberlaender-dorfmuseum.de\/index.php?rest_route=\/wp\/v2\/types\/page"}],"author":[{"embeddable":true,"href":"https:\/\/tauberlaender-dorfmuseum.de\/index.php?rest_route=\/wp\/v2\/users\/1"}],"replies":[{"embeddable":true,"href":"https:\/\/tauberlaender-dorfmuseum.de\/index.php?rest_route=%2Fwp%2Fv2%2Fcomments&post=324"}],"version-history":[{"count":77,"href":"https:\/\/tauberlaender-dorfmuseum.de\/index.php?rest_route=\/wp\/v2\/pages\/324\/revisions"}],"predecessor-version":[{"id":427,"href":"https:\/\/tauberlaender-dorfmuseum.de\/index.php?rest_route=\/wp\/v2\/pages\/324\/revisions\/427"}],"wp:featuredmedia":[{"embeddable":true,"href":"https:\/\/tauberlaender-dorfmuseum.de\/index.php?rest_route=\/wp\/v2\/media\/328"}],"wp:attachment":[{"href":"https:\/\/tauberlaender-dorfmuseum.de\/index.php?rest_route=%2Fwp%2Fv2%2Fmedia&parent=324"}],"curies":[{"name":"wp","href":"https:\/\/api.w.org\/{rel}","templated":true}]}}